{"id":143,"date":"2013-04-10T10:24:32","date_gmt":"2013-04-10T08:24:32","guid":{"rendered":"http:\/\/http:\/\/loscaminoslaplata.com\/?page_id=143"},"modified":"2013-04-28T04:03:37","modified_gmt":"2013-04-28T04:03:37","slug":"rutas-maritimasrutas-maritimas","status":"publish","type":"page","link":"http:\/\/loscaminosdelaplata.com\/?page_id=143","title":{"rendered":"Rutas Mar\u00edtimas"},"content":{"rendered":"<p>Am\u00e9rica y Espa\u00f1a, en unas rutas de ida y vuelta, fueron en constante trasiego itinerarios cuyo conocimiento e interpretaci\u00f3n suponen un aporte indispensable para la relaci\u00f3n y conocimientos de nuestros pueblos. La plata, en su b\u00fasqueda, beneficio y utilidad, supone el primer proceso de mundializaci\u00f3n de la econom\u00eda.<\/p>\n<p style=\"text-align: center;\"><a href=\"http:\/\/loscaminosdelaplata.com\/wp-content\/uploads\/2013\/04\/rutas.jpg\"><img decoding=\"async\" class=\" wp-image-145 aligncenter\" alt=\"rutas\" src=\"http:\/\/loscaminosdelaplata.com\/wp-content\/uploads\/2013\/04\/rutas.jpg\" \/><\/a><\/p>\n<p>&nbsp;<\/p>\n<p><strong>V\u00edas principales de la plata entre Espa\u00f1a, Europa, Am\u00e9rica y Asia<\/strong><\/p>\n<p><strong>Sevilla (Espa\u00f1a) &#8211; Veracruz (M\u00e9xico)<\/strong><\/p>\n<p>Su denominaci\u00f3n era la de \u00abFlota de la Nueva Espa\u00f1a\u00bb. Adem\u00e1s del puerto de Veracruz, sus nav\u00edos porteaban en Portobelo (istmo de Panam\u00e1), en Honduras, Puerto Rico, La Espa\u00f1ola y Cuba. En el mes de Febrero siguiente se preparaban para el regreso, reuni\u00e9ndose en el puerto de La Habana (Cuba), junto a otra flota de galeones, surcando los mares, pasando por las islas bermudas, las Bahamas y las Azores, llegando de regreso a Espa\u00f1a.<\/p>\n<p><strong>Sevilla (Espa\u00f1a)-Portobelo<\/strong><\/p>\n<p>Denominada \u00abFlota de los Galeones de Tierra Firme\u00bb, llegaba al llamado puerto de \u00abNombre de Dios\u00bb (Portobelo) entre los meses de abril y mayo. Desde all\u00ed pasaba a Cartagena de Indias y posteriormente a La Habana, para reunirse con la flota de la Nueva Espa\u00f1a y regresar todas juntas a Espa\u00f1a.<\/p>\n<p>El d\u00eda 2 de noviembre de 2011 se cimplieron 510 a\u00f1os desde la llegada de Cristobal Col\u00f3n a Portobelo; fue tambi\u00e9n en un mes de noviembre del a\u00f1o 1739 cuando la ciudad fue destruida por las naves de la Armada Inglesa al mando del Almirante Edward Vernon.<\/p>\n<p><strong>La Habana &#8211; Espa\u00f1a<\/strong><\/p>\n<p>Era la ruta habitual de regreso a Espa\u00f1a de los galeones y la de Nueva Espa\u00f1a.<\/p>\n<p><strong>Acapulco-Manila<\/strong><\/p>\n<p>Desde M\u00e9xico a Filipinas por el Pac\u00edfico, era el llamado \u00abGale\u00f3n de Manila\u00bb, rumbo suroeste, pasando por islas Marshall y las Marianas, llegando a Cavite en Filipinas. En el viaje de regreso daba un importante giro al noreste hacia el mar de Jap\u00f3n, pasando nuevamente a girar al este para cruzar el oc\u00e9ano Pac\u00edfico, en la llamada ruta de Urdaneta, para llegar a costas americanas a la altura del cabo Mendocino, desde all\u00ed, cerca de costa, arribaba en Acapulco (M\u00e9xico).<\/p>\n<p><strong>Acapulco-Portobelo-La Habana-Espa\u00f1a<\/strong><\/p>\n<p>Antes de llegar a Panam\u00e1, hacia escala esta flota del pac\u00edfico septentrional, en Acajutia y Realejo. Desde ese lugar cruzaba el istmo de Panam\u00e1 por el r\u00edo Chagras y el camino de Cruces hasta Portobelo, luego llegaba a La Habana y desde Cuba hacia Espa\u00f1a.<\/p>\n<p><strong>El Callao<\/strong><\/p>\n<p>\u00abLa Armadilla del Mar del Sur\u00bb, con base en el puerto de Lima, recepcionaba la plata de Arica y los impuestos de Chile desde Valpara\u00edso, los tesoros del Per\u00fa se transportaban hacia Panam\u00e1, con escalas en Trujillo y Paita o Guayaquil. En el viaje de regreso transportaba el azogue que hab\u00eda llegado de Almad\u00e9n, as\u00ed como el que llegaba de Huancavelica al puerto de El Callao, a lomo de mulas, hasta Arica (Bolivia), desde donde era llevado a la mina de plata de Potos\u00ed. De igual modo, desde Arica surt\u00eda de mercanc\u00edas provenientes de Europa, de Asia y Am\u00e9rica, por la Ruta Potos\u00ed- Salta-C\u00f3rdoba y Rosario, hasta Buenos Aires.<br \/>\nEra una ruta absurda, motivada por el denominado \u00abmonopolio\u00bb sevillano que obligaba a hacer llegar las mercanc\u00edas europeas hasta el R\u00edo de la Plata cruzando el istmo.<\/p>\n<p><strong>Sevilla-Buenos Aires<\/strong><\/p>\n<p>Por medio se denominaba el Gale\u00f3n de \u00abpermiso\u00bb, fue un enlace, de periodicidad anual, que atend\u00eda las constantes protestas de los porte\u00f1os, ante lo descabellado de la ruta anterior.<\/p>\n<p><strong>Ruta del Cabo de Hornos<\/strong><\/p>\n<p>Desde el siglo XVIII se abre esta ruta mar\u00edtima, comunicando los dos Oc\u00e9anos por el sur.<\/p>\n<p style=\"text-align: center;\"><a href=\"http:\/\/loscaminosdelaplata.com\/wp-content\/uploads\/2013\/04\/portobelo.jpg\"><img decoding=\"async\" class=\" wp-image-144 aligncenter\" alt=\"portobelo\" src=\"http:\/\/loscaminosdelaplata.com\/wp-content\/uploads\/2013\/04\/portobelo.jpg\" \/><\/a><\/p>\n","protected":false},"excerpt":{"rendered":"<p>Am\u00e9rica y Espa\u00f1a, en unas rutas de ida y vuelta, fueron en constante trasiego itinerarios cuyo conocimiento e interpretaci\u00f3n suponen un aporte indispensable para la relaci\u00f3n y conocimientos de nuestros pueblos. La plata, en su b\u00fasqueda, beneficio y utilidad, supone el primer proceso de mundializaci\u00f3n de la econom\u00eda. &nbsp; V\u00edas principales de la plata entre [&hellip;]<\/p>\n","protected":false},"author":1,"featured_media":0,"parent":0,"menu_order":0,"comment_status":"closed","ping_status":"closed","template":"","meta":{"footnotes":""},"_links":{"self":[{"href":"http:\/\/loscaminosdelaplata.com\/index.php?rest_route=\/wp\/v2\/pages\/143"}],"collection":[{"href":"http:\/\/loscaminosdelaplata.com\/index.php?rest_route=\/wp\/v2\/pages"}],"about":[{"href":"http:\/\/loscaminosdelaplata.com\/index.php?rest_route=\/wp\/v2\/types\/page"}],"author":[{"embeddable":true,"href":"http:\/\/loscaminosdelaplata.com\/index.php?rest_route=\/wp\/v2\/users\/1"}],"replies":[{"embeddable":true,"href":"http:\/\/loscaminosdelaplata.com\/index.php?rest_route=%2Fwp%2Fv2%2Fcomments&post=143"}],"version-history":[{"count":0,"href":"http:\/\/loscaminosdelaplata.com\/index.php?rest_route=\/wp\/v2\/pages\/143\/revisions"}],"wp:attachment":[{"href":"http:\/\/loscaminosdelaplata.com\/index.php?rest_route=%2Fwp%2Fv2%2Fmedia&parent=143"}],"curies":[{"name":"wp","href":"https:\/\/api.w.org\/{rel}","templated":true}]}}