{"id":171,"date":"2013-04-10T11:08:10","date_gmt":"2013-04-10T09:08:10","guid":{"rendered":"http:\/\/http:\/\/loscaminoslaplata.com\/?page_id=171"},"modified":"2013-04-28T03:51:35","modified_gmt":"2013-04-28T03:51:35","slug":"descubriendo-al-marques-de-comillas-un-itinerario-didactico-a-traves-del-patrimonio-industrial-de-mieres-y-aller","status":"publish","type":"page","link":"http:\/\/loscaminosdelaplata.com\/?page_id=171","title":{"rendered":"Descubriendo al marqu\u00e9s de Comillas: Un itinerario did\u00e1ctico a trav\u00e9s del patrimonio industrial de Mieres y Aller"},"content":{"rendered":"<p>La singularidad del patrimonio industrial avala la necesidad de una did\u00e1ctica espec\u00edfica que permita una visi\u00f3n integradora del mismo, tanto como nuevo bien cultural como en su relaci\u00f3n con el hombre y el paisaje, promoviendo la recuperaci\u00f3n de la memoria del trabajo y del lugar.<\/p>\n<div>Nuestra proposici\u00f3n es tomar como excusa la apasionante historia del marqu\u00e9s de Comillas en su relaci\u00f3n con Asturias para marcar un itinerario did\u00e1ctico en una informal ruta para viajeros curiosos.<\/div>\n<div><a href=\"http:\/\/loscaminosdelaplata.com\/wp-content\/uploads\/2013\/04\/marques.jpg\"><img decoding=\"async\" class=\" wp-image-172 aligncenter\" alt=\"marques\" src=\"http:\/\/loscaminosdelaplata.com\/wp-content\/uploads\/2013\/04\/marques.jpg\" \/><\/a><\/div>\n<div><\/div>\n<div><\/div>\n<div>\n<p>El trayecto va desde la localidad de Ujo, en Mieres, y culmina en Boo, en el municipio de Aller, con paradas en Bustiello, Caborana, Moreda y otros lugares, nos permite recrear culturalmente las huellas de Comillas y su Sociedad Hullera Espa\u00f1ola, integrada en la empresa estatal minera Hunosa en el a\u00f1o 1967.<\/p>\n<p>Este paisaje industrial fue consolidado en el periodo de cuatro d\u00e9cadas, que van desde los a\u00f1os 1890 a 1930.<\/p>\n<table border=\"0\" align=\"center\">\n<tbody>\n<tr>\n<td><a title=\"Poblado de Bustiello\" href=\"http:\/\/loscaminosdelaplata.com\/wp-content\/uploads\/2013\/04\/bustiello.jpg\"><img decoding=\"async\" class=\"alignnone  wp-image-173\" alt=\"bustiello\" src=\"http:\/\/loscaminosdelaplata.com\/wp-content\/uploads\/2013\/04\/bustiello-150x150.jpg\" \/><\/a><\/td>\n<td><a title=\"Bocamina de La Esperanza\" href=\"http:\/\/loscaminosdelaplata.com\/wp-content\/uploads\/2013\/04\/esperanza.jpg\"><img decoding=\"async\" class=\"alignnone  wp-image-174\" alt=\"esperanza\" src=\"http:\/\/loscaminosdelaplata.com\/wp-content\/uploads\/2013\/04\/esperanza-150x150.jpg\" \/><\/a><\/td>\n<td><a title=\"Pozo San Jorge, al fondo se divisa el castillete del Pozo Santiago\" href=\"http:\/\/loscaminosdelaplata.com\/wp-content\/uploads\/2013\/04\/sanjorge.jpg\"><img decoding=\"async\" loading=\"lazy\" class=\"alignnone  wp-image-176\" alt=\"sanjorgemini\" src=\"http:\/\/loscaminosdelaplata.com\/wp-content\/uploads\/2013\/04\/sanjorgemini-e1365584717503.jpg\" width=\"90\" height=\"67\" \/><\/a><\/td>\n<\/tr>\n<\/tbody>\n<\/table>\n<p>Una historia vivida cuyos vestigios perviven en el imaginario colectivo, donde el patrimonio industrial, material e inmaterial, se entrecruza, se siente, presiente y visualiza con nitidez en estos pueblos y parajes de Asturias.<\/p>\n<div>La ruta tiene tres espacios claramente diferenciados en lo que respecta a la conformaci\u00f3n del coto minero:<\/div>\n<ul>\n<li>El primero de ellos, Ujo, tendr\u00eda un car\u00e1cter administrativo y residencial.<\/li>\n<li>En segundo lugar, Bustiello, exclusivamente residencial, pero con una evidente intenci\u00f3n propagand\u00edstica de la pol\u00edtica social de la SH y dirigido a ser cabecera del frustrado concejo minero.<\/li>\n<li>Por \u00faltimo, en Caborana y Moreda se concentra el grueso de las explotaciones mineras, primando por tanto en ellas el car\u00e1cter industrial.<\/li>\n<\/ul>\n<p>\u00a9 Miguel \u00c1ngel \u00c1lvarez Areces<\/p>\n<\/div>\n","protected":false},"excerpt":{"rendered":"<p>La singularidad del patrimonio industrial avala la necesidad de una did\u00e1ctica espec\u00edfica que permita una visi\u00f3n integradora del mismo, tanto como nuevo bien cultural como en su relaci\u00f3n con el hombre y el paisaje, promoviendo la recuperaci\u00f3n de la memoria del trabajo y del lugar. Nuestra proposici\u00f3n es tomar como excusa la apasionante historia del [&hellip;]<\/p>\n","protected":false},"author":1,"featured_media":0,"parent":0,"menu_order":0,"comment_status":"closed","ping_status":"closed","template":"","meta":{"footnotes":""},"_links":{"self":[{"href":"http:\/\/loscaminosdelaplata.com\/index.php?rest_route=\/wp\/v2\/pages\/171"}],"collection":[{"href":"http:\/\/loscaminosdelaplata.com\/index.php?rest_route=\/wp\/v2\/pages"}],"about":[{"href":"http:\/\/loscaminosdelaplata.com\/index.php?rest_route=\/wp\/v2\/types\/page"}],"author":[{"embeddable":true,"href":"http:\/\/loscaminosdelaplata.com\/index.php?rest_route=\/wp\/v2\/users\/1"}],"replies":[{"embeddable":true,"href":"http:\/\/loscaminosdelaplata.com\/index.php?rest_route=%2Fwp%2Fv2%2Fcomments&post=171"}],"version-history":[{"count":0,"href":"http:\/\/loscaminosdelaplata.com\/index.php?rest_route=\/wp\/v2\/pages\/171\/revisions"}],"wp:attachment":[{"href":"http:\/\/loscaminosdelaplata.com\/index.php?rest_route=%2Fwp%2Fv2%2Fmedia&parent=171"}],"curies":[{"name":"wp","href":"https:\/\/api.w.org\/{rel}","templated":true}]}}