{"id":218,"date":"2013-04-12T01:23:56","date_gmt":"2013-04-11T23:23:56","guid":{"rendered":"http:\/\/http:\/\/loscaminoslaplata.com\/?page_id=218"},"modified":"2013-04-28T03:48:56","modified_gmt":"2013-04-28T03:48:56","slug":"la-ruta-de-las-fabricas-textiles","status":"publish","type":"page","link":"http:\/\/loscaminosdelaplata.com\/?page_id=218","title":{"rendered":"La Ruta de las F\u00e1bricas Textiles"},"content":{"rendered":"<div>B\u00e9jar, ciudad textil lanera por excelencia, posee entre sus m\u00e9ritos el haber sido una de las casas m\u00e1s importantes de especializaci\u00f3n productiva de Castilla que, con todos sus avatares, ha sobrevivido al paso de los siglos.<\/div>\n<div><\/div>\n<div>\n<div>\n<div>\n<div>Esta supervivencia es a\u00fan m\u00e1s meritoria si se tiene en cuenta que se trata s\u00f3lo de una peque\u00f1a ciudad casi aislada en la que al textil se refiere, y muy lejana de las grandes \u00e1reas textiles espa\u00f1olas de referencia como la catalana y la valenciana. Si miramos hacia atr\u00e1s, podemos asegurar que B\u00e9jar se incorpor\u00f3 a tiempo a la llamada \u00abrevoluci\u00f3n industrial\u00bb pues, lo hizo en el primer cuarto del siglo XIX. Con ella, la producci\u00f3n de las f\u00e1bricas aument\u00f3 de forma notable, por lo que la industria textil pas\u00f3 de abastecer \u00fanicamente al mercado local y las poblaciones cercanas a entrar en competencia clara con otras industrias for\u00e1neas para tratar de aprovisionar mercados cada vez m\u00e1s lejanos.<\/div>\n<div><\/div>\n<div>Uno de los m\u00e1s graves problemas que tuvo que superar fue el de las comunicaciones, ya que el ferrocarril no llegar\u00eda a la ciudad hasta finales del siglo XX, concretamente en 1894. Esta tardanza perjudic\u00f3 notablemente a su industria textil, pues, en esas fechas el ferrocarril era absolutamente necesario para poder recibir maquinaria pesada, combustibles s\u00f3lidos y, en general, materiales voluminosos o de gran peso, as\u00ed como para enviar las manufacturas textiles.<\/div>\n<div><\/div>\n<div>Este d\u00e9ficit de comunicaciones hizo que B\u00e9jar acumulase un retraso con respecto a los otros centros textiles espa\u00f1oles de la \u00e9poca (Catalu\u00f1a y Valencia), poniendo incluso en peligro la supervivencia de esta industria, y del que no se recuperar\u00eda hasta los a\u00f1os treinta del siglo XX.<\/div>\n<div><\/div>\n<div><\/div>\n<div style=\"text-align: justify;\">\n<table border=\"0\" align=\"center\">\n<tbody>\n<tr>\n<td><a href=\"http:\/\/loscaminosdelaplata.com\/wp-content\/uploads\/2013\/04\/bejar_general.jpg\"><img decoding=\"async\" class=\"aligncenter  wp-image-219\" alt=\"bejar_general\" src=\"http:\/\/loscaminosdelaplata.com\/wp-content\/uploads\/2013\/04\/bejar_general-150x150.jpg\" \/><\/a><\/td>\n<td><a href=\"http:\/\/loscaminosdelaplata.com\/wp-content\/uploads\/2013\/04\/bejar_s_xx.jpg\"><img decoding=\"async\" class=\"aligncenter  wp-image-220\" alt=\"bejar_s_xx\" src=\"http:\/\/loscaminosdelaplata.com\/wp-content\/uploads\/2013\/04\/bejar_s_xx-150x150.jpg\" \/><\/a><\/td>\n<td><a href=\"http:\/\/loscaminosdelaplata.com\/wp-content\/uploads\/2013\/04\/tienda_textil.jpg\"><img decoding=\"async\" class=\"aligncenter  wp-image-222\" alt=\"tienda_textil\" src=\"http:\/\/loscaminosdelaplata.com\/wp-content\/uploads\/2013\/04\/tienda_textil-150x150.jpg\" \/><\/a><\/td>\n<td><a href=\"http:\/\/loscaminosdelaplata.com\/wp-content\/uploads\/2013\/04\/centro_fabril.jpg\"><img decoding=\"async\" class=\"aligncenter  wp-image-221\" alt=\"centro_fabril\" src=\"http:\/\/loscaminosdelaplata.com\/wp-content\/uploads\/2013\/04\/centro_fabril-150x150.jpg\" \/><\/a><\/td>\n<\/tr>\n<\/tbody>\n<\/table>\n<p>La mayor parte de las f\u00e1bricas textiles se fueron ubicando poco a poco a lo largo del curso del r\u00edo Cuerpo de Hombre, r\u00edo que atraviesa B\u00e9jar de este a oeste por su extremo norte.<\/p>\n<p>Y en homenaje a este r\u00edo y a estas f\u00e1bricas se ha construido un Paseo Fluvial que podr\u00eda denominarse\u00a0<strong>\u00abRuta de las F\u00e1bricas Textiles\u00bb<\/strong>, que recorre una parte del r\u00edo a la altura del casco urbano y va pasando por varias de las f\u00e1bricas ribere\u00f1as, algunas muy significativas en el desarrollo industrial de la ciudad. Ello se ha hecho aprovechando la reciente construcci\u00f3n de la E.D.A.R., situada aguas debajo de B\u00e9jar, en la zona conocida como Picozos.<\/p>\n<p style=\"text-align: center;\"><a href=\"http:\/\/loscaminosdelaplata.com\/wp-content\/uploads\/2013\/04\/ruta_textiles.jpg\"><img decoding=\"async\" class=\"aligncenter  wp-image-223\" alt=\"ruta_textiles\" src=\"http:\/\/loscaminosdelaplata.com\/wp-content\/uploads\/2013\/04\/ruta_textiles-300x65.jpg\" \/><\/a><\/p>\n<p>&nbsp;<\/p>\n<div>\n<div>\n<div>\n<div><strong>1. Antigua F\u00e1brica de Luis Izard Mu\u00f1oz<\/strong><br \/>\nEn el siglo XIX fue una importante f\u00e1brica textil que pod\u00eda producir 1.600 piezas de 20 varas cada una, para el ej\u00e9rcito y que dispon\u00eda de modernas tundosas transversales. En 1942 Luis Izard Mu\u00f1oz, instal\u00f3 una empresa con secciones de hilados, tejidos, tintes y acabados. Finalmente los Sres. Casc\u00f3n instalaron una f\u00e1brica de g\u00e9neros de punto, activa hasta principios de los noventa.<strong>2. Antigua F\u00e1brica de Leandro T\u00e9llez<\/strong><br \/>\nAunque su fundaci\u00f3n es muy anterior, en los a\u00f1os 40 del siglo XX dispon\u00eda de hilados, tejidos y acabados.<strong>3. F\u00e1brica Pablo Farr\u00e1s Faus S.A.<\/strong><br \/>\nEmpresa fabricante de tejido de lana y sus mezclas, fundada en 1943 por un industrial catal\u00e1n enraizado en B\u00e9jar. El edificio hab\u00eda sido previamente una de las f\u00e1bricas de T\u00e9llez. En la actualidad confecciona colecciones de hombre y mujer de gran calidad.<\/p>\n<\/div>\n<\/div>\n<\/div>\n<\/div>\n<div><\/div>\n<div>\n<div>\n<div>\n<div><strong>4. Museo Textil<\/strong><br \/>\nEste antiguo edificio alberg\u00f3 la f\u00e1brica de Seraf\u00edn Gilart Fit\u00e9, dedicada a la tintura de materias textiles. Al parecer, en este lugar ya exist\u00eda a mediados del siglo XVIII un bat\u00e1n propiedad del Duque de B\u00e9jar.<strong>5. Puente G\u00f3tico de San Alb\u00edn<\/strong><br \/>\nEs el puente m\u00e1s antiguo de B\u00e9jar, construido en el medioevo, y fue una de las entradas principales a la ciudad. De estilo g\u00f3tico, con arco apuntado, debe su nombre a una antigua ermita que exist\u00eda en este lugar dedicada a San Alb\u00edn.<strong>6. F\u00e1brica Hilaturas B\u00e9jar S.A. (HIBESA)<\/strong><br \/>\nModerna f\u00e1brica que dispone de hilaturas de estambre y de carda, establecida en este lugar desde 1973. La f\u00e1brica original del siglo XIX, fue propiedad de Jer\u00f3nimo G\u00f3mez-Rodulfo, que ya en 1850 contaba con unos 200 obreros y produc\u00eda 1.200-1.400 piezas de tejido al a\u00f1o. Posteriormente pas\u00f3 por varios propietarios hasta ser adquirida por HIBESA.<\/p>\n<p><strong>7. Antigua f\u00e1brica de La Industrial Bejarana o La Estambrera<\/strong><br \/>\nEsta antigua f\u00e1brica textil, ya produc\u00eda a principios del siglo XX. A partir de 1918 acoger\u00eda un apartadero y lavadero de lana y m\u00e1s tarde un peinaje de esta materia, as\u00ed como otras operaciones textiles. Tras pasar por varios propietarios o arrendatarios, se instal\u00f3 la empresa Manufacturas Tint\u00f3reas S.A., dedicada al tinte de flota, peinado e hilo, que cerrar\u00eda a principios de la d\u00e9cada de los noventa.<\/p>\n<\/div>\n<\/div>\n<\/div>\n<\/div>\n<div><\/div>\n<div>\n<div>\n<div>\n<div><strong>8. Antigua F\u00e1brica de Garc\u00eda y Gasc\u00f3n<\/strong><br \/>\nSe estableci\u00f3 sobre una importante f\u00e1brica textil del S. XIX y se dedicaba al lavado y peinaje de lanas, junto con la empresa Transformadoras de lanas (TRANSA), que ten\u00eda instalaciones de hilatura y tejedur\u00eda. Esta f\u00e1brica fue una de las m\u00e1s grandes de la ciudad. Sus paredes son de piedra de canter\u00eda y sus impresionantes chimeneas son la salida de humos de las calderas.<\/div>\n<div><\/div>\n<div><\/div>\n<div>\n<table border=\"0\" align=\"center\">\n<tbody>\n<tr>\n<td><a href=\"http:\/\/loscaminosdelaplata.com\/wp-content\/uploads\/2013\/04\/ruta_textiles2.jpg\"><img decoding=\"async\" class=\"aligncenter  wp-image-225\" alt=\"ruta_textiles2\" src=\"http:\/\/loscaminosdelaplata.com\/wp-content\/uploads\/2013\/04\/ruta_textiles2-150x150.jpg\" \/><\/a><\/td>\n<td><a href=\"http:\/\/loscaminosdelaplata.com\/wp-content\/uploads\/2013\/04\/ruta_textiles3.jpg\"><img decoding=\"async\" class=\"aligncenter  wp-image-226\" alt=\"ruta_textiles3\" src=\"http:\/\/loscaminosdelaplata.com\/wp-content\/uploads\/2013\/04\/ruta_textiles3-150x150.jpg\" \/><\/a><\/td>\n<td><a href=\"http:\/\/loscaminosdelaplata.com\/wp-content\/uploads\/2013\/04\/ruta_textiles4.jpg\"><img decoding=\"async\" class=\"aligncenter  wp-image-227\" alt=\"ruta_textiles4\" src=\"http:\/\/loscaminosdelaplata.com\/wp-content\/uploads\/2013\/04\/ruta_textiles4-150x150.jpg\" \/><\/a><\/td>\n<td><a href=\"http:\/\/loscaminosdelaplata.com\/wp-content\/uploads\/2013\/04\/rutas_textiles5.jpg\"><img decoding=\"async\" class=\"aligncenter  wp-image-228\" alt=\"rutas_textiles5\" src=\"http:\/\/loscaminosdelaplata.com\/wp-content\/uploads\/2013\/04\/rutas_textiles5-150x150.jpg\" \/><\/a><\/td>\n<\/tr>\n<\/tbody>\n<\/table>\n<\/div>\n<\/div>\n<\/div>\n<\/div>\n<div><\/div>\n<div><a href=\"http:\/\/loscaminosdelaplata.com\/wp-content\/uploads\/2013\/04\/fabricas_textiles.jpg\"><img decoding=\"async\" loading=\"lazy\" class=\"wp-image-230 aligncenter\" alt=\"fabricas_textiles\" src=\"http:\/\/loscaminosdelaplata.com\/wp-content\/uploads\/2013\/04\/fabricas_textiles-300x164.jpg\" width=\"300\" height=\"164\" \/><\/a><\/div>\n<div><\/div>\n<div>\n<div>\n<div><em>\u00a9 Javier R. S\u00e1nchez<\/em><\/div>\n<\/div>\n<div><\/div>\n<div>\n<div>\n<div>\n<p>M\u00e1s informaci\u00f3n\u00a0<a title=\"Visitar el enlace\u00a0(en nueva ventana)\" href=\"http:\/\/www.bejarturismo.com\/turismo\/fabricas.asp\" target=\"_blank\">www.bejarturismo.com\/turismo\/fabricas.asp<\/a><\/p>\n<p>&nbsp;<\/p>\n<\/div>\n<\/div>\n<\/div>\n<div><\/div>\n<div>\n<div>\n<div>\n<p><strong>MUSEO DE LA INDUSTRIA TEXTIL DE BEJAR<\/strong><\/p>\n<p>El Ayuntamiento de B\u00e9jar pretende potenciar el turismo del municipio con la ruta de las f\u00e1bricas textiles y con la creaci\u00f3n de un\u00a0<strong>museo textil<\/strong>\u00a0que\u00a0estar\u00e1 ubicado en un antiguo edificio que alberg\u00f3 la f\u00e1brica de Seraf\u00edn Gilart Fit\u00e9, dedicada a la tintura de materias textiles.\u00a0En ese mismo lugar ya exist\u00eda a mediados del siglo XVIII un bat\u00e1n propiedad del Duque de B\u00e9jar.<\/p>\n<p>El edificio fue comprado por el Ayuntamiento de B\u00e9jar y la Secretar\u00eda de Estado de Vivienda financiar\u00e1 su rehabilitaci\u00f3n con un importe de 400.000 euros.<\/p>\n<p>Una vez finalizadas las obras en este a\u00f1o 2012, el consistorio se encargar\u00e1 de \u00abrecuperar diferentes m\u00e1quinas que se usaron para el textil\u00bb y el museo, que ser\u00e1 un referente a nivel nacional, tambi\u00e9n acoger\u00e1 \u00abun departamento de investigaci\u00f3n sobre c\u00f3mo fue la actividad textil en B\u00e9jar desde el siglo XIII\u00bb, seg\u00fan el regidor.\u00a0Adem\u00e1s de una exposici\u00f3n de objetos y \u00fatiles, el museo pretende \u00abcrear simulaciones, mediante el uso de nuevas tecnolog\u00edas, para mostrar al visitante c\u00f3mo era la industria textil\u00bb.<\/p>\n<p>Su gesti\u00f3n estar\u00e1 a cargo de una fundaci\u00f3n, de la que formar\u00e1 parte el Ayuntamiento de B\u00e9jar y la futura Asociaci\u00f3n de Amigos del Museo de la Industria Textil de B\u00e9jar.<\/p>\n<p style=\"text-align: center;\"><a href=\"http:\/\/loscaminosdelaplata.com\/wp-content\/uploads\/2013\/04\/bejar.jpg\"><img decoding=\"async\" class=\"aligncenter  wp-image-231\" alt=\"bejar\" src=\"http:\/\/loscaminosdelaplata.com\/wp-content\/uploads\/2013\/04\/bejar-300x211.jpg\" \/><\/a><\/p>\n<p>&nbsp;<\/p>\n<p>&nbsp;<\/p>\n<\/div>\n<\/div>\n<\/div>\n<\/div>\n<\/div>\n<\/div>\n<\/div>\n<\/div>\n","protected":false},"excerpt":{"rendered":"<p>B\u00e9jar, ciudad textil lanera por excelencia, posee entre sus m\u00e9ritos el haber sido una de las casas m\u00e1s importantes de especializaci\u00f3n productiva de Castilla que, con todos sus avatares, ha sobrevivido al paso de los siglos. Esta supervivencia es a\u00fan m\u00e1s meritoria si se tiene en cuenta que se trata s\u00f3lo de una peque\u00f1a ciudad [&hellip;]<\/p>\n","protected":false},"author":1,"featured_media":0,"parent":0,"menu_order":0,"comment_status":"closed","ping_status":"closed","template":"","meta":{"footnotes":""},"_links":{"self":[{"href":"http:\/\/loscaminosdelaplata.com\/index.php?rest_route=\/wp\/v2\/pages\/218"}],"collection":[{"href":"http:\/\/loscaminosdelaplata.com\/index.php?rest_route=\/wp\/v2\/pages"}],"about":[{"href":"http:\/\/loscaminosdelaplata.com\/index.php?rest_route=\/wp\/v2\/types\/page"}],"author":[{"embeddable":true,"href":"http:\/\/loscaminosdelaplata.com\/index.php?rest_route=\/wp\/v2\/users\/1"}],"replies":[{"embeddable":true,"href":"http:\/\/loscaminosdelaplata.com\/index.php?rest_route=%2Fwp%2Fv2%2Fcomments&post=218"}],"version-history":[{"count":0,"href":"http:\/\/loscaminosdelaplata.com\/index.php?rest_route=\/wp\/v2\/pages\/218\/revisions"}],"wp:attachment":[{"href":"http:\/\/loscaminosdelaplata.com\/index.php?rest_route=%2Fwp%2Fv2%2Fmedia&parent=218"}],"curies":[{"name":"wp","href":"https:\/\/api.w.org\/{rel}","templated":true}]}}