{"id":453,"date":"2013-05-01T21:55:09","date_gmt":"2013-05-01T21:55:09","guid":{"rendered":"http:\/\/www.loscaminosdelaplata.com\/?page_id=453"},"modified":"2013-05-02T01:22:18","modified_gmt":"2013-05-02T01:22:18","slug":"rutas-en-america-y-rutas-asociadas","status":"publish","type":"page","link":"http:\/\/loscaminosdelaplata.com\/?page_id=453","title":{"rendered":"Rutas en Am\u00e9rica y rutas asociadas"},"content":{"rendered":"<p>La plata, junto al oro, constituye el principal v\u00ednculo econ\u00f3mico entre Espa\u00f1a y sus colonias. Se sugiere, desde diferentes \u00e1mbitos, que esa extrema dependencia del sector metal\u00edfero es la base para el futuro subdesarrollo de muchos pa\u00edses de Hispanoam\u00e9rica.<\/p>\n<p style=\"text-align: left;\"><a href=\"http:\/\/www.loscaminosdelaplata.com\/wp-content\/uploads\/2013\/05\/rutasamerica.jpg\"><img decoding=\"async\" loading=\"lazy\" class=\"size-medium wp-image-454 alignright\" alt=\"rutasamerica\" src=\"http:\/\/www.loscaminosdelaplata.com\/wp-content\/uploads\/2013\/05\/rutasamerica-202x300.jpg\" width=\"202\" height=\"300\" \/><\/a>Gracias a la plata se establecieron en Am\u00e9rica varias Casas de Moneda o Cecas, donde se acu\u00f1aban piezas fraccionarias y celebres pesos o reales de ocho. Estos pesos fueron \u00abla moneda m\u00e1s buscada y m\u00e1s apreciada\u00bb y peregrin\u00f3 por todos los confines del mundo.<\/p>\n<p>Gran parte de los problemas econ\u00f3micos, monetarios, pol\u00edticos, administrativos y sociales de las colonias americanas giraron en torno a la plata y los metales preciosos. El flujo de estos preciados minerales marc\u00f3 el poder\u00edo espa\u00f1ol cuyo vigor dur\u00f3 hasta el siglo XVI.<\/p>\n<div><\/div>\n<p>Sus latidos marcaron los ritmos de vitalidad y decadencia. La plata y las rutas por donde esta fluy\u00f3 pulsaron los or\u00edgenes y la formaci\u00f3n del mundo moderno. La plata americana teji\u00f3 las redes de la primera globalizaci\u00f3n de la econom\u00eda mundial.<\/p>\n<p>&nbsp;<\/p>\n<div><\/div>\n<div><\/div>\n<div><\/div>\n<div><\/div>\n<div><a href=\"http:\/\/www.loscaminosdelaplata.com\/wp-content\/uploads\/2013\/04\/peru1.jpg\"><img decoding=\"async\" loading=\"lazy\" class=\"size-full wp-image-366 alignleft\" alt=\"peru\" src=\"http:\/\/www.loscaminosdelaplata.com\/wp-content\/uploads\/2013\/04\/peru1.jpg\" width=\"100\" height=\"66\" \/><\/a><strong><a title=\"Ruta de la coca en Per\u00fa\" href=\"http:\/\/www.loscaminosdelaplata.com\/?page_id=471\">Per\u00fa:<\/a>\u00a0<\/strong><\/div>\n<p><strong><\/strong>En Per\u00fa las rutas de la\u00a0Coca\u00a0y del\u00a0Mercurio\u00a0tuvieron una importancia fundamental en el desarrollo econ\u00f3mico. La Ruta de la Coca recorre el camino que se utiliz\u00f3 para trasladar la hoja desde las zonas de cultivo a los centros mineros de consumo, fundamentalmente Potos\u00ed.<\/p>\n<p><a href=\"http:\/\/www.loscaminosdelaplata.com\/wp-content\/uploads\/2013\/04\/mexico1.jpg\"><img decoding=\"async\" loading=\"lazy\" class=\"size-full wp-image-362 alignleft\" alt=\"mexico\" src=\"http:\/\/www.loscaminosdelaplata.com\/wp-content\/uploads\/2013\/04\/mexico1.jpg\" width=\"100\" height=\"70\" \/><\/a>\u00a0<strong>M\u00e9xico:<\/strong><\/p>\n<div>\n<div>El Camino Real de Tierra Adentro en la Nueva Espa\u00f1a tuvo una gran trascendencia dentro de los quehaceres hist\u00f3ricos de la \u00e9poca de la colonia en M\u00e9xico y la miner\u00eda jug\u00f3 un papel fundamental en su desarrollo.<\/div>\n<div><\/div>\n<div><strong>Colombia:<\/strong><\/div>\n<div>\n<div>En Colombia se ha identificado la existencia de dos regiones mineras argent\u00edferas en Colombia, una en la zona centro y otra en la zona noreste en las cuales a mediados del siglo XVI la plata tuvo una influencia hist\u00f3rica importante en la econom\u00eda y la sociedad.<\/div>\n<p><a href=\"http:\/\/www.loscaminosdelaplata.com\/wp-content\/uploads\/2013\/04\/bolivia1.jpg\"><img decoding=\"async\" loading=\"lazy\" class=\"size-full wp-image-337 alignleft\" alt=\"bolivia\" src=\"http:\/\/www.loscaminosdelaplata.com\/wp-content\/uploads\/2013\/04\/bolivia1.jpg\" width=\"100\" height=\"66\" \/><\/a><strong>Bolivia:<\/strong><\/p>\n<div>\n<div>\n<div>Considerada en su momento de apogeo como la mina de plata m\u00e1s grande del mundo, Potos\u00ed fue fundada oficialmente por el Virrey Toledo en 1572, aunque ya desde 1545 ten\u00eda una activa actividad minera. En 1985 Potos\u00ed fue declarado por UNESCO Patrimonio Cultural y Natural de la Humanidad, comprendiendo su centro hist\u00f3rico, la ribera y los ingenios, los restos de las treinta y dos lagunas y el Cerro Rico.<\/div>\n<p><a href=\"http:\/\/www.loscaminosdelaplata.com\/wp-content\/uploads\/2013\/04\/argentina1.jpg\"><img decoding=\"async\" loading=\"lazy\" class=\"size-full wp-image-331 alignleft\" alt=\"argentina\" src=\"http:\/\/www.loscaminosdelaplata.com\/wp-content\/uploads\/2013\/04\/argentina1.jpg\" width=\"100\" height=\"60\" \/><\/a><strong>Argentina:<\/strong><\/p>\n<div>\n<div>\n<div>\n<div>\n<div>\n<div>Entre Buenos Aires, capital del virreinato del R\u00edo de la Plata, y la ciudad minera de Potos\u00ed exist\u00eda en el siglo XVIII una comunicaci\u00f3n terrestre fluida, que fue configurando una v\u00eda de excepcional importancia econ\u00f3mica conocida como la Ruta de la Plata. Esta ruta un\u00eda Buenos Aires con Saladillo, C\u00f3rdoba, Santiago del Estero, Tucum\u00e1n, Salta, Jujuy y las minas de Potos\u00ed.<\/div>\n<p>&nbsp;<\/p>\n<\/div>\n<\/div>\n<\/div>\n<\/div>\n<\/div>\n<div id=\"col_destacados\"><\/div>\n<\/div>\n<\/div>\n<\/div>\n<\/div>\n","protected":false},"excerpt":{"rendered":"<p>La plata, junto al oro, constituye el principal v\u00ednculo econ\u00f3mico entre Espa\u00f1a y sus colonias. Se sugiere, desde diferentes \u00e1mbitos, que esa extrema dependencia del sector metal\u00edfero es la base para el futuro subdesarrollo de muchos pa\u00edses de Hispanoam\u00e9rica. Gracias a la plata se establecieron en Am\u00e9rica varias Casas de Moneda o Cecas, donde se [&hellip;]<\/p>\n","protected":false},"author":1,"featured_media":0,"parent":0,"menu_order":0,"comment_status":"closed","ping_status":"closed","template":"","meta":{"footnotes":""},"_links":{"self":[{"href":"http:\/\/loscaminosdelaplata.com\/index.php?rest_route=\/wp\/v2\/pages\/453"}],"collection":[{"href":"http:\/\/loscaminosdelaplata.com\/index.php?rest_route=\/wp\/v2\/pages"}],"about":[{"href":"http:\/\/loscaminosdelaplata.com\/index.php?rest_route=\/wp\/v2\/types\/page"}],"author":[{"embeddable":true,"href":"http:\/\/loscaminosdelaplata.com\/index.php?rest_route=\/wp\/v2\/users\/1"}],"replies":[{"embeddable":true,"href":"http:\/\/loscaminosdelaplata.com\/index.php?rest_route=%2Fwp%2Fv2%2Fcomments&post=453"}],"version-history":[{"count":0,"href":"http:\/\/loscaminosdelaplata.com\/index.php?rest_route=\/wp\/v2\/pages\/453\/revisions"}],"wp:attachment":[{"href":"http:\/\/loscaminosdelaplata.com\/index.php?rest_route=%2Fwp%2Fv2%2Fmedia&parent=453"}],"curies":[{"name":"wp","href":"https:\/\/api.w.org\/{rel}","templated":true}]}}