{"id":471,"date":"2013-05-02T01:20:10","date_gmt":"2013-05-02T01:20:10","guid":{"rendered":"http:\/\/www.loscaminosdelaplata.com\/?page_id=471"},"modified":"2013-05-02T01:29:20","modified_gmt":"2013-05-02T01:29:20","slug":"ruta-de-la-coca-en-peru","status":"publish","type":"page","link":"http:\/\/loscaminosdelaplata.com\/?page_id=471","title":{"rendered":"Ruta de la coca en Per\u00fa"},"content":{"rendered":"<div>\n<p>En el virreinato del Per\u00fa, la explotaci\u00f3n de sus yacimientos s\u00f3lo fue posible mediante la mita ind\u00edgena, la utilizaci\u00f3n del mercurio en la amalgamaci\u00f3n y el empleo\u00a0sistem\u00e1tico de la hoja de coca como vigorizante en el trabajo minero.<strong>\u00a0Mita, mercurio y coca<\/strong>\u00a0son, de este modo, los tres principales elementos que hicieron posible la obtenci\u00f3n de las cantidades de oro y, especialmente, plata que llegaron desde Per\u00fa a Espa\u00f1a entre los siglos XVI y XIX.<\/p>\n<p>De ellos, el que menos ha sido estudiado es la hoja de coca. Por dicha raz\u00f3n, se propone una ruta que abarque el camino que, en su momento, se utiliz\u00f3 para trasladar la hoja desde las zonas de cultivo (cocales) a los centros mineros de consumo, fundamentalmente Potos\u00ed.<\/p>\n<\/div>\n<div>\n<div>\n<div>Los restos m\u00e1s antiguos de hoja de coca en el \u00e1rea andina han sido descubiertos en enterramientos ubicados en Ayacucho (Per\u00fa), que tienen una antig\u00fcedad de 5000-4000 a\u00f1os a.C.. Y la primera referencia a la coca conocida en resto arqueol\u00f3gico es una cer\u00e1mica perteneciente a la cultura Valdivia encontrada en la costa sur de Ecuador, que ha sido fechada en unos 3000 a\u00f1os a.C.La presencia de los \u00fatiles para el uso de la coca y los hallazgos de cer\u00e1mica con representaci\u00f3n de mascadores son abundantes en las culturas preincaicas lo que sugiere que la hoja de coca fue un elemento de gran significaci\u00f3n para estos pueblos. En las \u00e1reas preincaicas productoras de coca se ha constatado que la masticaci\u00f3n de coca fue una pr\u00e1ctica ampliamente difundida entre la poblaci\u00f3n y no un privilegio de la \u00e9lite local. En el per\u00edodo preincaico, las hojas de coca fueron utilizadas como objeto de trueque, elemento ceremonial, religioso y de integraci\u00f3n social y sustancia estimulante y medicinal, aunque parece que la funci\u00f3n principal de la coca fue la m\u00e1gico-religiosa, siendo utilizada principalmente como ofrenda a los esp\u00edritus andinos. El empleo en los contextos funerarios demuestra un uso ritual y cotidiano.<\/div>\n<\/div>\n<\/div>\n<p>Los incas iniciaron su expansi\u00f3n territorial hacia 1250 a.C. a partir de un n\u00facleo inicial en Cuzco (Per\u00fa), alcanzando su m\u00e1ximo desarrollo hacia 1450, momento en el que los pueblos bajo su dominio cubr\u00edan una superficie de casi 2 millones de km<sup>2<\/sup>. Los incas elevaron el rango de la coca al m\u00e1ximo nivel, siendo un elemento imprescindible en los rituales llevados a cabo por el emperador, las \u00e9lites incaicas y los sacerdotes.<\/p>\n<div>Cuando llegaron los espa\u00f1oles, desmantelaron la pr\u00e1ctica de los rituales incaicos, por lo que aument\u00f3 la disponibilidad de hoja. Como no impidieron el uso personal a la poblaci\u00f3n, la coca sigui\u00f3 utiliz\u00e1ndose en \u00e1reas cada vez m\u00e1s amplias y alejadas de las zonas cocaleras, a las que ahora llegaba la hoja que a\u00f1os antes hab\u00eda sido acaparada por la \u00e9lite inca.<br \/>\nViendo los espa\u00f1oles el deseo de los ind\u00edgenas de consumir coca, intuyeron el negocio que el cultivo y la comercializaci\u00f3n de la hoja pod\u00eda suponer, por lo que r\u00e1pidamente se hicieron con los cocales incrementando en lo posible la superficie cultivada, lo que permiti\u00f3 poner en el mercado considerables cantidades de hoja.<\/div>\n<div>\n<p>Las razones para que el consumo de coca aumentara vertiginosamente durante el siglo XVI en Per\u00fa, aparte de una casi inagotable disponibilidad de la hoja, fueron las connotaciones religiosas y culturales que siempre tuvo desde \u00e9pocas preincaicas, las propiedades estimulantes y medicinales de la planta y ser un elemento de trueque que lleg\u00f3 a ser fundamental en la econom\u00eda ind\u00edgena.<\/p>\n<p>En lo que respecta a\u00a0<strong>su uso en miner\u00eda<\/strong>, la hoja era utilizada sistem\u00e1ticamente en el laboreo de las minas andinas debido a que retrasaba la percepci\u00f3n de cansancio, mejoraba la sensaci\u00f3n de frio, mitigaba el hambre y, finalmente, constitu\u00eda un ocasional alimento alternativo debido a sus propiedades nutritivas.<\/p>\n<table border=\"0\" align=\"center\">\n<tbody>\n<tr>\n<td>\n<p><div id=\"attachment_472\" style=\"width: 160px\" class=\"wp-caption alignnone\"><a href=\"http:\/\/www.loscaminosdelaplata.com\/wp-content\/uploads\/2013\/05\/hojascoca.jpg\"><img aria-describedby=\"caption-attachment-472\" decoding=\"async\" loading=\"lazy\" class=\"size-thumbnail wp-image-472\" alt=\"Hojas de coca\" src=\"http:\/\/www.loscaminosdelaplata.com\/wp-content\/uploads\/2013\/05\/hojascoca-150x150.jpg\" width=\"150\" height=\"150\" \/><\/a><p id=\"caption-attachment-472\" class=\"wp-caption-text\">Hojas de coca<\/p><\/div><\/td>\n<td>\n<p><div id=\"attachment_473\" style=\"width: 160px\" class=\"wp-caption alignnone\"><a href=\"http:\/\/www.loscaminosdelaplata.com\/wp-content\/uploads\/2013\/05\/llamas_medio_transporte.jpg\"><img aria-describedby=\"caption-attachment-473\" decoding=\"async\" loading=\"lazy\" class=\"size-thumbnail wp-image-473\" alt=\"Llamas medio de Transporte\" src=\"http:\/\/www.loscaminosdelaplata.com\/wp-content\/uploads\/2013\/05\/llamas_medio_transporte-150x150.jpg\" width=\"150\" height=\"150\" \/><\/a><p id=\"caption-attachment-473\" class=\"wp-caption-text\">Llamas medio de Transporte<\/p><\/div><\/td>\n<\/tr>\n<tr>\n<td>\n<p><div id=\"attachment_474\" style=\"width: 160px\" class=\"wp-caption alignnone\"><a href=\"http:\/\/www.loscaminosdelaplata.com\/wp-content\/uploads\/2013\/05\/minero_mascando_hojas_de_coca.jpg\"><img aria-describedby=\"caption-attachment-474\" decoding=\"async\" loading=\"lazy\" class=\"size-thumbnail wp-image-474\" alt=\"Minero mascando hojas de coca\" src=\"http:\/\/www.loscaminosdelaplata.com\/wp-content\/uploads\/2013\/05\/minero_mascando_hojas_de_coca-150x150.jpg\" width=\"150\" height=\"150\" \/><\/a><p id=\"caption-attachment-474\" class=\"wp-caption-text\">Minero mascando hojas de coca<\/p><\/div><\/td>\n<td>\n<p><div id=\"attachment_476\" style=\"width: 160px\" class=\"wp-caption alignnone\"><a href=\"http:\/\/www.loscaminosdelaplata.com\/wp-content\/uploads\/2013\/05\/transporte.jpg\"><img aria-describedby=\"caption-attachment-476\" decoding=\"async\" loading=\"lazy\" class=\"size-thumbnail wp-image-476\" alt=\"Transporte\" src=\"http:\/\/www.loscaminosdelaplata.com\/wp-content\/uploads\/2013\/05\/transporte-150x150.jpg\" width=\"150\" height=\"150\" \/><\/a><p id=\"caption-attachment-476\" class=\"wp-caption-text\">Transporte<\/p><\/div><\/td>\n<\/tr>\n<\/tbody>\n<\/table>\n<p>&nbsp;<\/p>\n<p><strong>La ruta del transporte de la coca<\/strong><\/p>\n<p>Los espa\u00f1oles retomaron los cocales del estado inca los cuales estaban ubicados, casi en su totalidad, en los valles c\u00e1lidos de la vertiente oriental de la cordillera de los Andes, denominados gen\u00e9ricamente yungas. Sin embargo, debido a que Cuzco fue una de las primeras poblaciones importantes ocupadas por los espa\u00f1oles, las plantaciones que inicialmente desarrollaron fueron las situadas en sus proximidades.<br \/>\nOtras plantaciones incas promovidas m\u00e1s tard\u00edamente fueron las de los yungas de La Paz, de Cochabamba y La Plata (los tres situados en la actual Bolivia).<\/p>\n<p>En concreto, puede decirse que en el siglo XVI la mayor parte de la coca se llevaba a Potos\u00ed desde los yungas del Cuzco. Despu\u00e9s, a partir del siglo XVII, los yungas de La Paz fueron los principales suministradores decayendo sobremanera los cuzque\u00f1os. Los yungas de Cochabamba y La Plata siempre tuvieron una importancia secundaria ante las produccicones de Cuzco y La Paz.<\/p>\n<p>Como lugares representativos del cultivo de coca colonial, se pueden citar los siguientes:<\/p>\n<ul>\n<li>Yungas del Cuzco: Paucartambo, Avisca, Tono, Toaima, Huanta y Huantico.<\/li>\n<li>Yungas de La Paz: Coroico, Chulumani, Camata, Palca, Coripata e Inquisivi.<\/li>\n<li>Cochabamba: Totora, Cochabilca, Pocora y Chapare.<\/li>\n<li>La Plata: Tarabuco.<\/li>\n<\/ul>\n<div id=\"attachment_475\" style=\"width: 310px\" class=\"wp-caption aligncenter\"><a href=\"http:\/\/www.loscaminosdelaplata.com\/wp-content\/uploads\/2013\/05\/Ruta_coca.jpg\"><img aria-describedby=\"caption-attachment-475\" decoding=\"async\" loading=\"lazy\" class=\"size-medium wp-image-475\" alt=\"Ruta_coca\" src=\"http:\/\/www.loscaminosdelaplata.com\/wp-content\/uploads\/2013\/05\/Ruta_coca-300x225.jpg\" width=\"300\" height=\"225\" \/><\/a><p id=\"caption-attachment-475\" class=\"wp-caption-text\">Ruta de la coca<\/p><\/div>\n<div>\n<div>\n<p><strong>Conclusiones<\/strong><\/p>\n<ul>\n<li>La coca hizo posible la explotaci\u00f3n de la plata en las cantidades producidas durante la colonia.<\/li>\n<li>La llegada de la plata a Europa modific\u00f3 los h\u00e1bitos econ\u00f3micos de la \u00e9poca y la coca tuvo mucho que ver en ello.<\/li>\n<li>La coca fue un elemento econ\u00f3mico y de trueque fundamental en la \u00e9poca colonial.<\/li>\n<li>La coca tuvo un importante papel en la cosmovisi\u00f3n andina.<\/li>\n<li>La ruta de la coca estuvo vigente hasta que los veh\u00edculos motorizados modificaron los patrones del transporte.<\/li>\n<li>La coca es una planta estigmatizada a la que se debe reconocer el importante papel que ha jugado en la cultura andina y en la historia econ\u00f3mica del Per\u00fa, de Espa\u00f1a y de Europa.<\/li>\n<li>La hoja de coca merece un reconocimiento internacional que bien pudiera venir por el desarrollo de una ruta patrimonial desde los cocales de los yungas del Cuzco a Potos\u00ed, con ramificaciones a los yungas de La Paz, Cochabamba y La Plata.<\/li>\n<\/ul>\n<\/div>\n<\/div>\n<div><\/div>\n<div>\n<div>\n<div>\n<p><em>Autor: \u00a0Enrique Orche<\/em><\/p>\n<\/div>\n<\/div>\n<\/div>\n<\/div>\n","protected":false},"excerpt":{"rendered":"<p>En el virreinato del Per\u00fa, la explotaci\u00f3n de sus yacimientos s\u00f3lo fue posible mediante la mita ind\u00edgena, la utilizaci\u00f3n del mercurio en la amalgamaci\u00f3n y el empleo\u00a0sistem\u00e1tico de la hoja de coca como vigorizante en el trabajo minero.\u00a0Mita, mercurio y coca\u00a0son, de este modo, los tres principales elementos que hicieron posible la obtenci\u00f3n de las [&hellip;]<\/p>\n","protected":false},"author":1,"featured_media":0,"parent":0,"menu_order":0,"comment_status":"closed","ping_status":"closed","template":"","meta":{"footnotes":""},"_links":{"self":[{"href":"http:\/\/loscaminosdelaplata.com\/index.php?rest_route=\/wp\/v2\/pages\/471"}],"collection":[{"href":"http:\/\/loscaminosdelaplata.com\/index.php?rest_route=\/wp\/v2\/pages"}],"about":[{"href":"http:\/\/loscaminosdelaplata.com\/index.php?rest_route=\/wp\/v2\/types\/page"}],"author":[{"embeddable":true,"href":"http:\/\/loscaminosdelaplata.com\/index.php?rest_route=\/wp\/v2\/users\/1"}],"replies":[{"embeddable":true,"href":"http:\/\/loscaminosdelaplata.com\/index.php?rest_route=%2Fwp%2Fv2%2Fcomments&post=471"}],"version-history":[{"count":0,"href":"http:\/\/loscaminosdelaplata.com\/index.php?rest_route=\/wp\/v2\/pages\/471\/revisions"}],"wp:attachment":[{"href":"http:\/\/loscaminosdelaplata.com\/index.php?rest_route=%2Fwp%2Fv2%2Fmedia&parent=471"}],"curies":[{"name":"wp","href":"https:\/\/api.w.org\/{rel}","templated":true}]}}